{"id":24371,"date":"2025-04-18T05:22:11","date_gmt":"2025-04-18T05:22:11","guid":{"rendered":"https:\/\/nepa.com\/solutions-2\/"},"modified":"2026-01-14T08:54:08","modified_gmt":"2026-01-14T08:54:08","slug":"losningar","status":"publish","type":"page","link":"https:\/\/nepa.com\/sv\/losningar\/","title":{"rendered":"L\u00f6sningar"},"content":{"rendered":"<div id='av_section_1'  class='avia-section av-m7lipkwp-fff6212fc0148f0b652a3df39096e1ea alternate_color avia-section-large avia-no-border-styling  avia-builder-el-0  el_before_av_section  avia-builder-el-first  avia-bg-style-scroll container_wrap fullsize'  ><div class='container av-section-cont-open' ><main  role=\"main\" itemprop=\"mainContentOfPage\"  class='template-page content  av-content-full alpha units'><div class='post-entry post-entry-type-page post-entry-24371'><div class='entry-content-wrapper clearfix'>\n\n<style type=\"text\/css\" data-created_by=\"avia_inline_auto\" id=\"style-css-av-jf4hyiv-c6aa5ef0f211ddc50d9e9a8e67bb4955\">\n.flex_column.av-jf4hyiv-c6aa5ef0f211ddc50d9e9a8e67bb4955{\nwidth:15.2%;\n}\n<\/style>\n<div  class='flex_column av-jf4hyiv-c6aa5ef0f211ddc50d9e9a8e67bb4955 av_one_fifth  avia-builder-el-1  el_before_av_four_fifth  avia-builder-el-first  first av-break-at-tablet flex_column_div  '     ><section  class='av_textblock_section av-1w651vr-70ef6ae7da9ec741b8f938a266b87954 '   itemscope=\"itemscope\" itemtype=\"https:\/\/schema.org\/CreativeWork\" ><div class='avia_textblock section-heading'  itemprop=\"text\" ><p>L\u00f6sningar<\/p>\n<\/div><\/section><\/div>\n<style type=\"text\/css\" data-created_by=\"avia_inline_auto\" id=\"style-css-av-ilsu9t3-eee87058b09cbb81522190bc9203c141\">\n.flex_column.av-ilsu9t3-eee87058b09cbb81522190bc9203c141{\nwidth:78.8%;\nmargin-left:6%;\n}\n.avia_transform .flex_column.av-ilsu9t3-eee87058b09cbb81522190bc9203c141{\nanimation-duration:2s;\n}\n<\/style>\n<div  class='flex_column av-ilsu9t3-eee87058b09cbb81522190bc9203c141 av_four_fifth  avia-builder-el-3  el_after_av_one_fifth  el_before_av_one_fifth  max-700 av-break-at-tablet flex_column_div av-animated-generic top-to-bottom  '     ><p>\n<style type=\"text\/css\" data-created_by=\"avia_inline_auto\" id=\"style-css-av-m7liokoi-6ca89899f33a7047f3a78c6a6f5ce95c\">\nbody .av-special-heading.av-m7liokoi-6ca89899f33a7047f3a78c6a6f5ce95c .av-special-heading-tag .heading-char{\nfont-size:25px;\n}\n.av-special-heading.av-m7liokoi-6ca89899f33a7047f3a78c6a6f5ce95c .av-subheading{\nfont-size:15px;\n}\n<\/style>\n<div  class='av-special-heading av-m7liokoi-6ca89899f33a7047f3a78c6a6f5ce95c av-special-heading-h2 blockquote modern-quote  avia-builder-el-4  el_before_av_textblock  avia-builder-el-first '><h2 class='av-special-heading-tag '  itemprop=\"headline\"  >S\u00e5 bygger du ett starkare varum\u00e4rke och driver aff\u00e4ren fram\u00e5t<\/h2><div class=\"special-heading-border\"><div class=\"special-heading-inner-border\"><\/div><\/div><\/div><br \/>\n<section  class='av_textblock_section av-av_textblock-564067357eb74c20cdd60b282c9b50bd '   itemscope=\"itemscope\" itemtype=\"https:\/\/schema.org\/CreativeWork\" ><div class='avia_textblock'  itemprop=\"text\" ><p>V\u00e5ra l\u00f6sningar \u00e4r utvecklade f\u00f6r att l\u00f6sa verkliga utmaningar f\u00f6r marknads- och varum\u00e4rkesteam. Det h\u00e4r \u00e4r inte \u201cnice to have\u201d \u2013 det \u00e4r verktyg som f\u00e5r dig att undra varf\u00f6r du inte b\u00f6rjade tidigare.<\/p>\n<p>V\u00e4lj fokus. S\u00e5 tar vi det vidare.<\/p>\n<\/div><\/section><\/p><\/div><div  class='flex_column av-1am2iuf-e7935909c7e5ad183f6a7de8671ff912 av_one_fifth  avia-builder-el-6  el_after_av_four_fifth  el_before_av_four_fifth  first flex_column_div  '     ><\/div><div  class='flex_column av-rgbuiv-d1816e1a514894e2e5829b0be2558ed8 av_four_fifth  avia-builder-el-7  el_after_av_one_fifth  el_before_av_one_fifth  flex_column_div  '     ><style type=\"text\/css\" data-created_by=\"avia_inline_auto\" id=\"style-css-av-m9mco6e9-d85adbc41e3e5f55c01e46b19e06dc3f\">\nbody .av-special-heading.av-m9mco6e9-d85adbc41e3e5f55c01e46b19e06dc3f .av-special-heading-tag .heading-char{\nfont-size:25px;\n}\n.av-special-heading.av-m9mco6e9-d85adbc41e3e5f55c01e46b19e06dc3f .av-subheading{\nfont-size:15px;\n}\n<\/style>\n<div  class='av-special-heading av-m9mco6e9-d85adbc41e3e5f55c01e46b19e06dc3f av-special-heading-h5 blockquote modern-quote  avia-builder-el-8  avia-builder-el-no-sibling '><h5 class='av-special-heading-tag '  itemprop=\"headline\"  >V\u00e5ra viktigaste verktyg f\u00f6r tillv\u00e4xt<\/h5><div class=\"special-heading-border\"><div class=\"special-heading-inner-border\"><\/div><\/div><\/div><\/div><div  class='flex_column av-1ind5t5-fc7999fd7f7c500e8cbe99254e0a1918 av_one_fifth  avia-builder-el-9  el_after_av_four_fifth  el_before_av_four_fifth  first flex_column_div  '     ><\/div><div  class='flex_column av-1awo5jd-ee9c4917447f431a61490e92eebd54a2 av_four_fifth  avia-builder-el-10  el_after_av_one_fifth  avia-builder-el-last  flex_column_div  '     ><\/div><\/div><\/div><\/main><!-- close content main element --><\/div><\/div><div id='av_section_2'  class='avia-section av-3qveix3-b378d8cadb1336b4e8eb02bbe56cad03 alternate_color avia-section-no-padding avia-no-border-styling  avia-builder-el-12  el_after_av_section  el_before_av_section  avia-bg-style-scroll container_wrap fullsize'  ><div class='container av-section-cont-open' ><div class='template-page content  av-content-full alpha units'><div class='post-entry post-entry-type-page post-entry-24371'><div class='entry-content-wrapper clearfix'>\n\n<style type=\"text\/css\" data-created_by=\"avia_inline_auto\" id=\"style-css-av-m9i3b8pk-a1b70fd415e9aa3ed07518f1c0eeed6d\">\n#top .hr.hr-invisible.av-m9i3b8pk-a1b70fd415e9aa3ed07518f1c0eeed6d{\nheight:30px;\n}\n<\/style>\n<div  class='hr av-m9i3b8pk-a1b70fd415e9aa3ed07518f1c0eeed6d hr-invisible  avia-builder-el-13  el_before_av_textblock  avia-builder-el-first '><span class='hr-inner '><span class=\"hr-inner-style\"><\/span><\/span><\/div>\n<section  class='av_textblock_section av-y6kg7-20fa991fb0d2e3478106b8b772f7f2b9 '   itemscope=\"itemscope\" itemtype=\"https:\/\/schema.org\/CreativeWork\" ><div class='avia_textblock section-heading'  itemprop=\"text\" ><p>Ledande varum\u00e4rken v\u00e4ljer Nepa<\/p>\n<\/div><\/section>\n\n<style type=\"text\/css\" data-created_by=\"avia_inline_auto\" id=\"style-css-av-27r7753-27c1c26721f65ed48c391b210c683942\">\n#top .hr.hr-invisible.av-27r7753-27c1c26721f65ed48c391b210c683942{\nheight:22px;\n}\n<\/style>\n<div  class='hr av-27r7753-27c1c26721f65ed48c391b210c683942 hr-invisible  avia-builder-el-15  el_after_av_textblock  el_before_av_codeblock '><span class='hr-inner '><span class=\"hr-inner-style\"><\/span><\/span><\/div>\n\n\n<style type=\"text\/css\" data-created_by=\"avia_inline_auto\" id=\"style-css-av-ithfl3-fc8338b0d48205a286827180b1083dd4\">\n#top .hr.hr-invisible.av-ithfl3-fc8338b0d48205a286827180b1083dd4{\nheight:30px;\n}\n<\/style>\n<div  class='hr av-ithfl3-fc8338b0d48205a286827180b1083dd4 hr-invisible  avia-builder-el-17  el_after_av_codeblock  avia-builder-el-last '><span class='hr-inner '><span class=\"hr-inner-style\"><\/span><\/span><\/div>\n<\/p>\n<\/div><\/div><\/div><!-- close content main div --><\/div><\/div>\n<style type=\"text\/css\" data-created_by=\"avia_inline_auto\" id=\"style-css-av-35uop61-0838f43f8e89cee03bfd81dbfc4b8140\">\n.avia-section.av-35uop61-0838f43f8e89cee03bfd81dbfc4b8140{\nbackground-color:#f7f7f7;\nbackground-image:unset;\n}\n<\/style>\n<div id='av_section_3'  class='avia-section av-35uop61-0838f43f8e89cee03bfd81dbfc4b8140 main_color avia-section-large avia-no-border-styling  avia-builder-el-18  el_after_av_section  avia-builder-el-last  container-sm avia-bg-style-scroll container_wrap fullsize'  ><div class='container av-section-cont-open' ><div class='template-page content  av-content-full alpha units'><div class='post-entry post-entry-type-page post-entry-24371'><div class='entry-content-wrapper clearfix'>\n\n<style type=\"text\/css\" data-created_by=\"avia_inline_auto\" id=\"style-css-av-2gfw66h-78ad730417d52bfa526786821acd3f5f\">\n.flex_column.av-2gfw66h-78ad730417d52bfa526786821acd3f5f{\nwidth:47%;\n}\n<\/style>\n<div  class='flex_column av-2gfw66h-78ad730417d52bfa526786821acd3f5f av_one_half  avia-builder-el-19  el_before_av_one_half  avia-builder-el-first  first flex_column_div  '     ><style type=\"text\/css\" data-created_by=\"avia_inline_auto\" id=\"style-css-av-2886609-4f9551f0d790db05d2ac52e96bb18695\">\n#top .av-special-heading.av-2886609-4f9551f0d790db05d2ac52e96bb18695{\npadding-bottom:10px;\n}\nbody .av-special-heading.av-2886609-4f9551f0d790db05d2ac52e96bb18695 .av-special-heading-tag .heading-char{\nfont-size:25px;\n}\n.av-special-heading.av-2886609-4f9551f0d790db05d2ac52e96bb18695 .av-subheading{\nfont-size:24px;\n}\n<\/style>\n<div  class='av-special-heading av-2886609-4f9551f0d790db05d2ac52e96bb18695 av-special-heading-h2 custom-color-heading blockquote modern-quote  avia-builder-el-20  avia-builder-el-no-sibling '><h2 class='av-special-heading-tag '  itemprop=\"headline\"  >Ta del av v\u00e5ra senaste kundcase<\/h2><div class=\"special-heading-border\"><div class=\"special-heading-inner-border\"><\/div><\/div><\/div><\/div>\n<style type=\"text\/css\" data-created_by=\"avia_inline_auto\" id=\"style-css-av-1mvd4jt-0211fea056907dd8e34e6e00ef30e627\">\n.flex_column.av-1mvd4jt-0211fea056907dd8e34e6e00ef30e627{\nwidth:47%;\nmargin-left:6%;\n}\n.avia_transform .flex_column.av-1mvd4jt-0211fea056907dd8e34e6e00ef30e627{\nanimation-duration:2s;\n}\n<\/style>\n<div  class='flex_column av-1mvd4jt-0211fea056907dd8e34e6e00ef30e627 av_one_half  avia-builder-el-21  el_after_av_one_half  el_before_av_one_full  flex_column_div av-animated-generic bottom-to-top  '     ><section  class='av_textblock_section av-m7lip1xo-451df2e32ce2d8046d37177dc3b2c790 '   itemscope=\"itemscope\" itemtype=\"https:\/\/schema.org\/CreativeWork\" ><div class='avia_textblock'  itemprop=\"text\" ><p>Se hur ledande varum\u00e4rken anv\u00e4nder Nepas l\u00f6sningar f\u00f6r att v\u00e4xa, arbeta mer effektivt och ligga steget f\u00f6re konkurrenterna.<\/p>\n<\/div><\/section><\/div>\n<style type=\"text\/css\" data-created_by=\"avia_inline_auto\" id=\"style-css-av-130qj55-25df1e57a3571ecf5b78f21b07f85068\">\n.flex_column.av-130qj55-25df1e57a3571ecf5b78f21b07f85068{\nwidth:100%;\n}\n<\/style>\n<div  class='flex_column av-130qj55-25df1e57a3571ecf5b78f21b07f85068 av_one_full  avia-builder-el-23  el_after_av_one_half  avia-builder-el-last  gg-blogs first flex_column_div  column-top-margin'     ><\/div>\n\n","protected":false},"excerpt":{"rendered":"","protected":false},"author":1,"featured_media":0,"parent":0,"menu_order":0,"comment_status":"closed","ping_status":"closed","template":"","meta":{"_acf_changed":false,"inline_featured_image":false,"footnotes":""},"class_list":["post-24371","page","type-page","status-publish","hentry"],"acf":[],"yoast_head":"<!-- This site is optimized with the Yoast SEO Premium plugin v27.5 (Yoast SEO v27.5) - https:\/\/yoast.com\/product\/yoast-seo-premium-wordpress\/ -->\n<title>L\u00f6sningar - Nepa<\/title>\n<meta name=\"description\" content=\"Datadrivna l\u00f6sningar f\u00f6r marknadsf\u00f6rare som vill v\u00e4xa snabbare, arbeta smartare och bygga starkare varum\u00e4rken.\" \/>\n<meta name=\"robots\" content=\"index, follow, max-snippet:-1, max-image-preview:large, max-video-preview:-1\" \/>\n<link rel=\"canonical\" href=\"https:\/\/nepa.com\/sv\/losningar\/\" \/>\n<meta property=\"og:locale\" content=\"sv_SE\" \/>\n<meta property=\"og:type\" content=\"article\" \/>\n<meta property=\"og:title\" content=\"L\u00f6sningar\" \/>\n<meta property=\"og:description\" content=\"Datadrivna l\u00f6sningar f\u00f6r marknadsf\u00f6rare som vill v\u00e4xa snabbare, arbeta smartare och bygga starkare varum\u00e4rken.\" \/>\n<meta property=\"og:url\" content=\"https:\/\/nepa.com\/sv\/losningar\/\" \/>\n<meta property=\"og:site_name\" content=\"Nepa\" \/>\n<meta property=\"article:modified_time\" content=\"2026-01-14T08:54:08+00:00\" \/>\n<meta name=\"twitter:card\" content=\"summary_large_image\" \/>\n<meta name=\"twitter:label1\" content=\"Est. reading time\" \/>\n\t<meta name=\"twitter:data1\" content=\"1 minut\" \/>\n<script type=\"application\/ld+json\" class=\"yoast-schema-graph\">{\"@context\":\"https:\\\/\\\/schema.org\",\"@graph\":[{\"@type\":\"WebPage\",\"@id\":\"https:\\\/\\\/nepa.com\\\/sv\\\/losningar\\\/\",\"url\":\"https:\\\/\\\/nepa.com\\\/sv\\\/losningar\\\/\",\"name\":\"L\u00f6sningar - Nepa\",\"isPartOf\":{\"@id\":\"https:\\\/\\\/nepa.com\\\/sv\\\/#website\"},\"datePublished\":\"2025-04-18T05:22:11+00:00\",\"dateModified\":\"2026-01-14T08:54:08+00:00\",\"description\":\"Datadrivna l\u00f6sningar f\u00f6r marknadsf\u00f6rare som vill v\u00e4xa snabbare, arbeta smartare och bygga starkare varum\u00e4rken.\",\"breadcrumb\":{\"@id\":\"https:\\\/\\\/nepa.com\\\/sv\\\/losningar\\\/#breadcrumb\"},\"inLanguage\":\"sv-SE\",\"potentialAction\":[{\"@type\":\"ReadAction\",\"target\":[\"https:\\\/\\\/nepa.com\\\/sv\\\/losningar\\\/\"]}]},{\"@type\":\"BreadcrumbList\",\"@id\":\"https:\\\/\\\/nepa.com\\\/sv\\\/losningar\\\/#breadcrumb\",\"itemListElement\":[{\"@type\":\"ListItem\",\"position\":1,\"name\":\"Home\",\"item\":\"https:\\\/\\\/nepa.com\\\/sv\\\/\"},{\"@type\":\"ListItem\",\"position\":2,\"name\":\"L\u00f6sningar\"}]},{\"@type\":\"WebSite\",\"@id\":\"https:\\\/\\\/nepa.com\\\/sv\\\/#website\",\"url\":\"https:\\\/\\\/nepa.com\\\/sv\\\/\",\"name\":\"Nepa\",\"description\":\"\",\"publisher\":{\"@id\":\"https:\\\/\\\/nepa.com\\\/sv\\\/#organization\"},\"potentialAction\":[{\"@type\":\"SearchAction\",\"target\":{\"@type\":\"EntryPoint\",\"urlTemplate\":\"https:\\\/\\\/nepa.com\\\/sv\\\/?s={search_term_string}\"},\"query-input\":{\"@type\":\"PropertyValueSpecification\",\"valueRequired\":true,\"valueName\":\"search_term_string\"}}],\"inLanguage\":\"sv-SE\"},{\"@type\":\"Organization\",\"@id\":\"https:\\\/\\\/nepa.com\\\/sv\\\/#organization\",\"name\":\"Nepa\",\"url\":\"https:\\\/\\\/nepa.com\\\/sv\\\/\",\"logo\":{\"@type\":\"ImageObject\",\"inLanguage\":\"sv-SE\",\"@id\":\"https:\\\/\\\/nepa.com\\\/sv\\\/#\\\/schema\\\/logo\\\/image\\\/\",\"url\":\"https:\\\/\\\/nepa.com\\\/wp-content\\\/uploads\\\/2025\\\/05\\\/Nepa_logo_primary.png\",\"contentUrl\":\"https:\\\/\\\/nepa.com\\\/wp-content\\\/uploads\\\/2025\\\/05\\\/Nepa_logo_primary.png\",\"width\":1043,\"height\":367,\"caption\":\"Nepa\"},\"image\":{\"@id\":\"https:\\\/\\\/nepa.com\\\/sv\\\/#\\\/schema\\\/logo\\\/image\\\/\"},\"sameAs\":[\"https:\\\/\\\/www.linkedin.com\\\/company\\\/nepa_2\\\/\"]}]}<\/script>\n<!-- \/ Yoast SEO Premium plugin. -->","yoast_head_json":{"title":"L\u00f6sningar - Nepa","description":"Datadrivna l\u00f6sningar f\u00f6r marknadsf\u00f6rare som vill v\u00e4xa snabbare, arbeta smartare och bygga starkare varum\u00e4rken.","robots":{"index":"index","follow":"follow","max-snippet":"max-snippet:-1","max-image-preview":"max-image-preview:large","max-video-preview":"max-video-preview:-1"},"canonical":"https:\/\/nepa.com\/sv\/losningar\/","og_locale":"sv_SE","og_type":"article","og_title":"L\u00f6sningar","og_description":"Datadrivna l\u00f6sningar f\u00f6r marknadsf\u00f6rare som vill v\u00e4xa snabbare, arbeta smartare och bygga starkare varum\u00e4rken.","og_url":"https:\/\/nepa.com\/sv\/losningar\/","og_site_name":"Nepa","article_modified_time":"2026-01-14T08:54:08+00:00","twitter_card":"summary_large_image","twitter_misc":{"Est. reading time":"1 minut"},"schema":{"@context":"https:\/\/schema.org","@graph":[{"@type":"WebPage","@id":"https:\/\/nepa.com\/sv\/losningar\/","url":"https:\/\/nepa.com\/sv\/losningar\/","name":"L\u00f6sningar - Nepa","isPartOf":{"@id":"https:\/\/nepa.com\/sv\/#website"},"datePublished":"2025-04-18T05:22:11+00:00","dateModified":"2026-01-14T08:54:08+00:00","description":"Datadrivna l\u00f6sningar f\u00f6r marknadsf\u00f6rare som vill v\u00e4xa snabbare, arbeta smartare och bygga starkare varum\u00e4rken.","breadcrumb":{"@id":"https:\/\/nepa.com\/sv\/losningar\/#breadcrumb"},"inLanguage":"sv-SE","potentialAction":[{"@type":"ReadAction","target":["https:\/\/nepa.com\/sv\/losningar\/"]}]},{"@type":"BreadcrumbList","@id":"https:\/\/nepa.com\/sv\/losningar\/#breadcrumb","itemListElement":[{"@type":"ListItem","position":1,"name":"Home","item":"https:\/\/nepa.com\/sv\/"},{"@type":"ListItem","position":2,"name":"L\u00f6sningar"}]},{"@type":"WebSite","@id":"https:\/\/nepa.com\/sv\/#website","url":"https:\/\/nepa.com\/sv\/","name":"Nepa","description":"","publisher":{"@id":"https:\/\/nepa.com\/sv\/#organization"},"potentialAction":[{"@type":"SearchAction","target":{"@type":"EntryPoint","urlTemplate":"https:\/\/nepa.com\/sv\/?s={search_term_string}"},"query-input":{"@type":"PropertyValueSpecification","valueRequired":true,"valueName":"search_term_string"}}],"inLanguage":"sv-SE"},{"@type":"Organization","@id":"https:\/\/nepa.com\/sv\/#organization","name":"Nepa","url":"https:\/\/nepa.com\/sv\/","logo":{"@type":"ImageObject","inLanguage":"sv-SE","@id":"https:\/\/nepa.com\/sv\/#\/schema\/logo\/image\/","url":"https:\/\/nepa.com\/wp-content\/uploads\/2025\/05\/Nepa_logo_primary.png","contentUrl":"https:\/\/nepa.com\/wp-content\/uploads\/2025\/05\/Nepa_logo_primary.png","width":1043,"height":367,"caption":"Nepa"},"image":{"@id":"https:\/\/nepa.com\/sv\/#\/schema\/logo\/image\/"},"sameAs":["https:\/\/www.linkedin.com\/company\/nepa_2\/"]}]}},"_links":{"self":[{"href":"https:\/\/nepa.com\/sv\/wp-json\/wp\/v2\/pages\/24371","targetHints":{"allow":["GET"]}}],"collection":[{"href":"https:\/\/nepa.com\/sv\/wp-json\/wp\/v2\/pages"}],"about":[{"href":"https:\/\/nepa.com\/sv\/wp-json\/wp\/v2\/types\/page"}],"author":[{"embeddable":true,"href":"https:\/\/nepa.com\/sv\/wp-json\/wp\/v2\/users\/1"}],"replies":[{"embeddable":true,"href":"https:\/\/nepa.com\/sv\/wp-json\/wp\/v2\/comments?post=24371"}],"version-history":[{"count":0,"href":"https:\/\/nepa.com\/sv\/wp-json\/wp\/v2\/pages\/24371\/revisions"}],"wp:attachment":[{"href":"https:\/\/nepa.com\/sv\/wp-json\/wp\/v2\/media?parent=24371"}],"curies":[{"name":"wp","href":"https:\/\/api.w.org\/{rel}","templated":true}]}}